{"id":4274,"date":"2019-10-07T11:25:29","date_gmt":"2019-10-07T10:25:29","guid":{"rendered":"https:\/\/www.jaworski.com.pl\/obowiazek-informacyjny-w-zwiazku-z-przetwarzaniem-danych-osobowych-dostawcow-wykonawcow-i-ich-pracownikow\/"},"modified":"2025-03-05T11:26:43","modified_gmt":"2025-03-05T10:26:43","slug":"information-obligation-in-connection-with-the-processing-of-personal-data-of-suppliers-contractors-and-their-employees","status":"publish","type":"page","link":"https:\/\/www.jaworski.com.pl\/en\/information-obligation-in-connection-with-the-processing-of-personal-data-of-suppliers-contractors-and-their-employees\/","title":{"rendered":"Information obligation in connection with the processing of personal data of suppliers, contractors and their employees."},"content":{"rendered":"<div class=\"regulamin\">\n<h2>Who is the personal data controller?<\/h2>\n<p class=\"section__text_margin\">The controller of the processed personal data of suppliers, contractors and their employees indicated by the entity to handle the contract are Suszarnia Warzyw Jaworski Sp\u00f3\u0142ka Akcyjna Sp\u00f3\u0142ka Komandytowa, Suszarnia Warzyw Jaworski Sp\u00f3\u0142ka Jawna, Suszarnia Warzyw Jaworski Sp\u00f3\u0142ka z ograniczon\u0105 odpowiedzialno\u015bci\u0105 with their registered office in Bramki at ul. \u0141\u00f3dzka 41, 05-870 B\u0142onie. The Controller may be contacted by e-mail at ado&#64;jaworski&#46;com&#46;pl or by traditional mail at the address of Suszarnia Warzyw Jaworski, ul. \u0141\u00f3dzka 41, 05-870 B\u0142onie, with an annotation reading \u201cPersonal Data Protection\u201d.<\/p>\n<p class=\"section__text_margin\"><strong>Purposes and legal grounds for personal data processing?<\/strong><\/p>\n<p class=\"section__text_margin\">Personal data are processed in connection with the performance of the contract to provide services, products or render services (contract), the fulfillment of the obligation arising from the legal provision (law) or in connection with the retention of necessary information in connection with the defense against or assertion of claims arising from the performance of the contract and providing answers to letters and complaints submitted (the Controller\u2019s legitimate interest).<\/p>\n<p class=\"section__text_margin\">We process your personal data for the following purposes:<br \/>\n1. to conclude and perform a contract pursuant to Article 6(1)(b) of the \u201cRegulation\u201d;<br \/>\n2. to issue sales invoices and enter them in the accounts pursuant to Article 6(1)(b) of the \u201cRegulation\u201d;<br \/>\n3. to handle payments and settlements pursuant to Article 6(1)(a) and (b) of the \u201cRegulation\u201d;<br \/>\n4. to process maintenance activities pursuant to Article 6(1)(b) of the \u201cRegulation\u201d;<br \/>\n5. to conduct analyses and statistics pursuant to Article 6(1)(f) of the \u201cRegulation\u201d;<br \/>\n6. to conduct marketing activities pursuant to Article 6(1)(f) of the \u201cRegulation\u201d;<br \/>\n7. to determine, assert and defend against claims pursuant to Article 6(1)(f) of the \u201cRegulation\u201d;<br \/>\n8. to archive data and documents pursuant to Article 6(1)(f) of the \u201cRegulation\u201d;<br \/>\n9. to reply to letters, requests and complaints pursuant to Article 6(1)(b) and (f) of the \u201cRegulation\u201d.<br \/>\nData processing is based on:<br \/>\n1. the consent given pursuant to Article 6(1)(a) of the \u201cRegulation\u201d;<br \/>\n2. a contract to which you are a party or to take action at your request prior to the conclusion of a contract pursuant to Article 6(1)(b) of the \u201cRegulation\u201d;<br \/>\n3. a legal obligation imposed on the Controller, resulting in particular from legal provisions pursuant to Article 6(1)(c) of the \u201cRegulation\u201d, e.g.<br \/>\no the Tax Ordinance of August 29, 1997,<br \/>\no the Accounting Act of September 27, 1994,<br \/>\n4 the protection of your or another person\u2019s vital interests (life and health) pursuant to Article 6(1)(d) of the \u201cRegulation\u201d;<br \/>\n5. a legitimate interest pursued by the Controller or by a third party pursuant to Article 6(1)(f) of the \u201cRegulation\u201d.<br \/>\nVoluntary or obligatory provision of personal data?<br \/>\nIf the processing of personal data results from a request made by a person before the conclusion of a contract (business talks) or in connection with the concluded contract (Article 6(1)(b)), from applicable legal provisions (Article 6(1)(c)) or from a legitimate interest of the Controller in connection with the determination, assertion and defense against claims and in connection with responding to letters and complaints (Article 6(1)(f)), the provision of data is voluntary, but necessary for the conclusion and performance of the contract. In the case of failure to provide the indicated personal data, we may refuse to conclude a contract or conclude it on less attractive terms, not respond to a submitted letter or complaint or not present a commercial offer dedicated to your expectations.<br \/>\nIf the processing of personal data is based on the consent given for a specific purpose, e.g. sending invoices by electronic means, then the provision of data is voluntary, as is giving consent. You should also remember that you have the right to withdraw your consent at any time. The withdrawal of consent shall not affect the lawfulness of personal data processing based on consent before its withdrawal.<\/p>\n<p class=\"section__text_margin\"><strong>How long do we keep your personal data?<\/strong><br \/>\nThe period for which personal data are stored depends on the purpose of their processing. It results from legal provisions (which require data retention for a specific period of time) or is necessary to perform the contract or legitimate interests pursued by the Controller or by a third party.<br \/>\nExamples of periods for which personal data may be stored:<br \/>\n1. retention data (correspondence, complaints) \u2013 12 months;<br \/>\n2. data needed to issue an invoice and accounting evidence, handling of payments and settlements \u2013 5 years from the end of the tax period;<br \/>\n3. data concerning the performance of the contract \u2013 up to 10 years;<br \/>\n4. analysis and statistics \u2013 up to 10 years;<br \/>\n5. data on court judgments (cases of misuse) \u2013 10 years from the delivery of the judgment;<br \/>\n6. marketing activities \u2013 until consent is revoked or an objection is raised.<br \/>\nDo we share personal data and, if so, with whom?<br \/>\n1. the recipients are other entities providing services for Suszarnia Warzyw Jaworski Sp\u00f3\u0142ka Akcyjna Sp\u00f3\u0142ka Komandytowa, Suszarnia Warzyw Jaworski Sp\u00f3\u0142ka Jawna, Suszarnia Warzyw Jaworski Sp\u00f3\u0142ka z ograniczon\u0105 odpowiedzialno\u015bci\u0105 exclusively within the scope of the service provided in accordance with the concluded contract,<br \/>\n2. the recipients are entities from the group of enterprises (Corporate Group),<br \/>\n3. the recipients are other entities, in the following scope:<br \/>\n\u2013 striving to comply with the requirements of applicable law, regulations, legal processes or legally binding requests of state institutions;<br \/>\n\u2013 detecting and preventing fraud, as well as addressing other problems concerning fraud, security and technical issues;<br \/>\n\u2013 protection of property rights or security of the Controller of personal data and other persons in a manner required or permitted by law.<br \/>\nWe do not intend to transfer personal data to the so-called third countries (i.e. outside the European Economic Area covering the European Union, Norway, Liechtenstein and Iceland). However, if such a need arises, we can do so by providing an adequate level of protection and applying the relevant legal provisions.<\/p>\n<p class=\"section__text_margin\"><strong>Do you have any rights in connection with the processing of your personal data?<\/strong><br \/>\nYes, any person whose personal data are processed by the Controller has:<br \/>\n1. the right to information about the processing of personal data \u2013 on this basis, we will provide information about the processing of data, including in particular the purposes and legal grounds for the processing, the scope of the data held, the entities to which the data are disclosed and the planned date of data deletion;<br \/>\n2. the right to obtain a copy of the data \u2013 on this basis, we will provide you with a copy of the processed data concerning your person;<br \/>\n3. the right to rectification \u2013 on this basis, you have the right to demand rectification of the processed data,<br \/>\n4. the right to erasure (right to be forgotten) \u2013 on this basis, you may demand the deletion of data whose processing is no longer necessary for the fulfillment of any of the purposes for which they were collected;<br \/>\n5. the right to restriction of processing \u2013 on this basis, the cessation of operations on personal data \u2013 with the exception of operations which have been consented to \u2013 and their storage may be demanded, in accordance with established retention rules or until the reasons for restricting the processing have ceased to exist (e.g. a decision of the supervisory authority allowing further processing of the data is issued);<br \/>\n6. the right to data portability \u2013 on this basis, insofar as data are processed solely for the purpose of performance of a contract or on the basis of automated consent \u2013 the issue of personal data in machine-readable format may be requested. It is also possible to request that such data be sent to another entity \u2013 however, provided that there are technical possibilities in this respect on the part of both the Controller and the other entity;<br \/>\n7. the right to object to the processing of data for marketing purposes \u2013 on that basis, it is possible to object at any time to the processing of personal data for marketing purposes, without having to justify such an objection;<br \/>\n8. the right to object to other purposes of the processing \u2013 on this basis, personal data processing that takes place due to the legitimate interest of the Controller (e.g. for analytical or statistical purposes or for reasons related to the protection of property) may be objected to at any time; grounds for an objection in this scope should be included;<br \/>\n9. the right to withdraw consent \u2013 on this basis, only if personal data are processed on the basis of consent, such consent may be withdrawn at any time without affecting the lawfulness of the processing carried out prior to withdrawal of consent;<br \/>\n10. right of complaint \u2013 on this basis, if you consider that the processing of personal data violates the provisions of the \u201cRegulation\u201d or other provisions concerning the protection of personal data, you may file a complaint with the President of the Personal Data Protection Office.<\/p>\n<p class=\"section__text_margin\"><strong>How can I exercise my specific rights?<\/strong><br \/>\nYou can claim your right by contacting the Controller at any time. To do this, please send a message to the e-mail address: &#x61;&#x64;&#111;&#64;&#106;a&#x77;&#x6f;&#x72;&#115;&#107;i&#46;&#x63;&#x6f;&#x6d;&#46;&#112;l. The right of complaint shall be exercised by lodging a complaint with the President of the Personal Data Protection Office. You can find all the necessary information on www.uodo.gov.pl<\/p>\n<p class=\"section__text_margin\"><strong>Are the data subject to automated processing?<\/strong><br \/>\nNo, we do not currently process your data in an automated manner and your personal data are not subject to profiling that has legal effects or significantly affects you.<\/p>\n<p class=\"section__text_margin\"><strong>What personal data can be processed by us?<\/strong><br \/>\nWe collect and process the following data:<br \/>\n1. personal details (e.g. name, official address\/address of residence);<br \/>\n2. entity details (e.g. name and address of the entity, details of the representative);<br \/>\n3. contact details (e.g. mailing address, telephone number, e-mail address);<br \/>\n4. identification data (e.g. personal card number and series, PESEL [personal identification number], NIP [tax identification number]);<br \/>\n5. transaction details (e.g. details on payment of liabilities, bank account details);<br \/>\n6. communication details (e.g. data resulting from correspondence);<br \/>\n7. contract details (e.g. details resulting from signed contracts and agreements);<br \/>\n8. details concerning legal relations (e.g. information necessary to execute an instruction in accordance with the granted power of attorney or authorization);<br \/>\n9. publicly available data;<br \/>\n10. technical data;<br \/>\n11. correspondence details (e.g. content of correspondence).<\/p>\n<p class=\"section__text_margin\"><strong>Where do we collect personal data from?<\/strong><\/p>\n<p class=\"section__text_margin\">We collect personal data mainly from the data subject (that is, from you). However, we may, in justified cases, for example in order to confirm data or verify the statements made, obtain data from:<br \/>\n1. Register of Entrepreneurs of the National Court Register;<br \/>\n2. Central Registration and Information on Business.<\/p>\n<\/div>\n","protected":false},"excerpt":{"rendered":"<p>Who is the personal data controller? The controller of the processed personal data of suppliers, contractors and their employees indicated [&hellip;]<\/p>\n","protected":false},"author":5,"featured_media":0,"parent":0,"menu_order":0,"comment_status":"closed","ping_status":"closed","template":"","meta":{"inline_featured_image":false},"acf":[],"yoast_head":"<!-- This site is optimized with the Yoast SEO plugin v20.5 - https:\/\/yoast.com\/wordpress\/plugins\/seo\/ -->\n<title>Information obligation in connection with the processing of personal data of suppliers, contractors and their employees. &raquo; Suszarnia Warzyw Jaworski<\/title>\n<meta name=\"description\" content=\"\u25b6 Information obligation in connection with the processing of personal data of suppliers, contractors and their employees. &raquo; Rodzinna firma ponad trzydziestoletni\u0105 tradycj\u0105 \u2705 Produkcja suszonych owoc\u00f3w i warzyw na \u015awiatowym poziomie \u2705 Suszarnia Jaworski\" \/>\n<meta name=\"robots\" content=\"index, follow, max-snippet:-1, max-image-preview:large, max-video-preview:-1\" \/>\n<link rel=\"canonical\" href=\"https:\/\/www.jaworski.com.pl\/en\/information-obligation-in-connection-with-the-processing-of-personal-data-of-suppliers-contractors-and-their-employees\/\" \/>\n<meta property=\"og:locale\" content=\"en_US\" \/>\n<meta property=\"og:type\" content=\"article\" \/>\n<meta property=\"og:title\" content=\"Information obligation in connection with the processing of personal data of suppliers, contractors and their employees. &raquo; Suszarnia Warzyw Jaworski\" \/>\n<meta property=\"og:description\" content=\"\u25b6 Information obligation in connection with the processing of personal data of suppliers, contractors and their employees. &raquo; Rodzinna firma ponad trzydziestoletni\u0105 tradycj\u0105 \u2705 Produkcja suszonych owoc\u00f3w i warzyw na \u015awiatowym poziomie \u2705 Suszarnia Jaworski\" \/>\n<meta property=\"og:url\" content=\"https:\/\/www.jaworski.com.pl\/en\/information-obligation-in-connection-with-the-processing-of-personal-data-of-suppliers-contractors-and-their-employees\/\" \/>\n<meta property=\"og:site_name\" content=\"Suszarnia Warzyw Jaworski\" \/>\n<meta property=\"article:modified_time\" content=\"2025-03-05T10:26:43+00:00\" \/>\n<meta name=\"twitter:card\" content=\"summary_large_image\" \/>\n<meta name=\"twitter:label1\" content=\"Est. reading time\" \/>\n\t<meta name=\"twitter:data1\" content=\"11 minutes\" \/>\n<script type=\"application\/ld+json\" class=\"yoast-schema-graph\">{\"@context\":\"https:\/\/schema.org\",\"@graph\":[{\"@type\":\"WebPage\",\"@id\":\"https:\/\/www.jaworski.com.pl\/en\/information-obligation-in-connection-with-the-processing-of-personal-data-of-suppliers-contractors-and-their-employees\/\",\"url\":\"https:\/\/www.jaworski.com.pl\/en\/information-obligation-in-connection-with-the-processing-of-personal-data-of-suppliers-contractors-and-their-employees\/\",\"name\":\"Information obligation in connection with the processing of personal data of suppliers, contractors and their employees. &raquo; Suszarnia Warzyw Jaworski\",\"isPartOf\":{\"@id\":\"https:\/\/www.jaworski.com.pl\/#website\"},\"datePublished\":\"2019-10-07T10:25:29+00:00\",\"dateModified\":\"2025-03-05T10:26:43+00:00\",\"description\":\"\u25b6 Information obligation in connection with the processing of personal data of suppliers, contractors and their employees. &raquo; Rodzinna firma ponad trzydziestoletni\u0105 tradycj\u0105 \u2705 Produkcja suszonych owoc\u00f3w i warzyw na \u015awiatowym poziomie \u2705 Suszarnia Jaworski\",\"breadcrumb\":{\"@id\":\"https:\/\/www.jaworski.com.pl\/en\/information-obligation-in-connection-with-the-processing-of-personal-data-of-suppliers-contractors-and-their-employees\/#breadcrumb\"},\"inLanguage\":\"en-US\",\"potentialAction\":[{\"@type\":\"ReadAction\",\"target\":[\"https:\/\/www.jaworski.com.pl\/en\/information-obligation-in-connection-with-the-processing-of-personal-data-of-suppliers-contractors-and-their-employees\/\"]}]},{\"@type\":\"BreadcrumbList\",\"@id\":\"https:\/\/www.jaworski.com.pl\/en\/information-obligation-in-connection-with-the-processing-of-personal-data-of-suppliers-contractors-and-their-employees\/#breadcrumb\",\"itemListElement\":[{\"@type\":\"ListItem\",\"position\":1,\"name\":\"Strona g\u0142\u00f3wna\",\"item\":\"https:\/\/www.jaworski.com.pl\/en\/\"},{\"@type\":\"ListItem\",\"position\":2,\"name\":\"Information obligation in connection with the processing of personal data of suppliers, contractors and their employees.\"}]},{\"@type\":\"WebSite\",\"@id\":\"https:\/\/www.jaworski.com.pl\/#website\",\"url\":\"https:\/\/www.jaworski.com.pl\/\",\"name\":\"Suszarnia Warzyw Jaworski\",\"description\":\"30 lat do\u015bwiadczenia\",\"potentialAction\":[{\"@type\":\"SearchAction\",\"target\":{\"@type\":\"EntryPoint\",\"urlTemplate\":\"https:\/\/www.jaworski.com.pl\/?s={search_term_string}\"},\"query-input\":\"required name=search_term_string\"}],\"inLanguage\":\"en-US\"}]}<\/script>\n<!-- \/ Yoast SEO plugin. -->","yoast_head_json":{"title":"Information obligation in connection with the processing of personal data of suppliers, contractors and their employees. &raquo; Suszarnia Warzyw Jaworski","description":"\u25b6 Information obligation in connection with the processing of personal data of suppliers, contractors and their employees. &raquo; Rodzinna firma ponad trzydziestoletni\u0105 tradycj\u0105 \u2705 Produkcja suszonych owoc\u00f3w i warzyw na \u015awiatowym poziomie \u2705 Suszarnia Jaworski","robots":{"index":"index","follow":"follow","max-snippet":"max-snippet:-1","max-image-preview":"max-image-preview:large","max-video-preview":"max-video-preview:-1"},"canonical":"https:\/\/www.jaworski.com.pl\/en\/information-obligation-in-connection-with-the-processing-of-personal-data-of-suppliers-contractors-and-their-employees\/","og_locale":"en_US","og_type":"article","og_title":"Information obligation in connection with the processing of personal data of suppliers, contractors and their employees. &raquo; Suszarnia Warzyw Jaworski","og_description":"\u25b6 Information obligation in connection with the processing of personal data of suppliers, contractors and their employees. &raquo; Rodzinna firma ponad trzydziestoletni\u0105 tradycj\u0105 \u2705 Produkcja suszonych owoc\u00f3w i warzyw na \u015awiatowym poziomie \u2705 Suszarnia Jaworski","og_url":"https:\/\/www.jaworski.com.pl\/en\/information-obligation-in-connection-with-the-processing-of-personal-data-of-suppliers-contractors-and-their-employees\/","og_site_name":"Suszarnia Warzyw Jaworski","article_modified_time":"2025-03-05T10:26:43+00:00","twitter_card":"summary_large_image","twitter_misc":{"Est. reading time":"11 minutes"},"schema":{"@context":"https:\/\/schema.org","@graph":[{"@type":"WebPage","@id":"https:\/\/www.jaworski.com.pl\/en\/information-obligation-in-connection-with-the-processing-of-personal-data-of-suppliers-contractors-and-their-employees\/","url":"https:\/\/www.jaworski.com.pl\/en\/information-obligation-in-connection-with-the-processing-of-personal-data-of-suppliers-contractors-and-their-employees\/","name":"Information obligation in connection with the processing of personal data of suppliers, contractors and their employees. &raquo; Suszarnia Warzyw Jaworski","isPartOf":{"@id":"https:\/\/www.jaworski.com.pl\/#website"},"datePublished":"2019-10-07T10:25:29+00:00","dateModified":"2025-03-05T10:26:43+00:00","description":"\u25b6 Information obligation in connection with the processing of personal data of suppliers, contractors and their employees. &raquo; Rodzinna firma ponad trzydziestoletni\u0105 tradycj\u0105 \u2705 Produkcja suszonych owoc\u00f3w i warzyw na \u015awiatowym poziomie \u2705 Suszarnia Jaworski","breadcrumb":{"@id":"https:\/\/www.jaworski.com.pl\/en\/information-obligation-in-connection-with-the-processing-of-personal-data-of-suppliers-contractors-and-their-employees\/#breadcrumb"},"inLanguage":"en-US","potentialAction":[{"@type":"ReadAction","target":["https:\/\/www.jaworski.com.pl\/en\/information-obligation-in-connection-with-the-processing-of-personal-data-of-suppliers-contractors-and-their-employees\/"]}]},{"@type":"BreadcrumbList","@id":"https:\/\/www.jaworski.com.pl\/en\/information-obligation-in-connection-with-the-processing-of-personal-data-of-suppliers-contractors-and-their-employees\/#breadcrumb","itemListElement":[{"@type":"ListItem","position":1,"name":"Strona g\u0142\u00f3wna","item":"https:\/\/www.jaworski.com.pl\/en\/"},{"@type":"ListItem","position":2,"name":"Information obligation in connection with the processing of personal data of suppliers, contractors and their employees."}]},{"@type":"WebSite","@id":"https:\/\/www.jaworski.com.pl\/#website","url":"https:\/\/www.jaworski.com.pl\/","name":"Suszarnia Warzyw Jaworski","description":"30 lat do\u015bwiadczenia","potentialAction":[{"@type":"SearchAction","target":{"@type":"EntryPoint","urlTemplate":"https:\/\/www.jaworski.com.pl\/?s={search_term_string}"},"query-input":"required name=search_term_string"}],"inLanguage":"en-US"}]}},"_links":{"self":[{"href":"https:\/\/www.jaworski.com.pl\/en\/wp-json\/wp\/v2\/pages\/4274"}],"collection":[{"href":"https:\/\/www.jaworski.com.pl\/en\/wp-json\/wp\/v2\/pages"}],"about":[{"href":"https:\/\/www.jaworski.com.pl\/en\/wp-json\/wp\/v2\/types\/page"}],"author":[{"embeddable":true,"href":"https:\/\/www.jaworski.com.pl\/en\/wp-json\/wp\/v2\/users\/5"}],"replies":[{"embeddable":true,"href":"https:\/\/www.jaworski.com.pl\/en\/wp-json\/wp\/v2\/comments?post=4274"}],"version-history":[{"count":6,"href":"https:\/\/www.jaworski.com.pl\/en\/wp-json\/wp\/v2\/pages\/4274\/revisions"}],"predecessor-version":[{"id":7158,"href":"https:\/\/www.jaworski.com.pl\/en\/wp-json\/wp\/v2\/pages\/4274\/revisions\/7158"}],"wp:attachment":[{"href":"https:\/\/www.jaworski.com.pl\/en\/wp-json\/wp\/v2\/media?parent=4274"}],"curies":[{"name":"wp","href":"https:\/\/api.w.org\/{rel}","templated":true}]}}