{"id":4266,"date":"2019-10-07T11:25:24","date_gmt":"2019-10-07T10:25:24","guid":{"rendered":"https:\/\/www.jaworski.com.pl\/informacja-o-zgloszeniu-zadania-realizacji-prawa-na-mocy-przepisow-rodo\/"},"modified":"2025-03-05T11:02:38","modified_gmt":"2025-03-05T10:02:38","slug":"information-on-the-request-for-the-exercise-of-a-right-under-the-gdpr-provisions","status":"publish","type":"page","link":"https:\/\/www.jaworski.com.pl\/en\/information-on-the-request-for-the-exercise-of-a-right-under-the-gdpr-provisions\/","title":{"rendered":"Information on the request for the exercise of a right under the GDPR provisions"},"content":{"rendered":"<div class=\"regulamin\">\n<h2>Submitting requests related to the exercise of rights<\/h2>\n<p class=\"section__text_margin\">A request for the exercise of rights may be submitted:<br \/>\n1. in writing to the following address:<br \/>\nSuszarnia Warzyw Jaworski<br \/>\nUl. \u0141\u00f3dzka 41, Bramki, 05-870 B\u0142onie<br \/>\n2. by e-mail to: o&#100;&#x6f;&#x40;j&#97;&#119;&#x6f;&#x72;s&#107;&#105;&#x2e;&#x63;o&#109;&#x2e;&#x70;&#x6c;<\/p>\n<p class=\"section__text_margin\">If we believe that we cannot identify you on the basis of your request, we will ask you for additional information that will enable us to do so.<\/p>\n<p class=\"section__text_margin\">The request may be submitted in person or through an attorney-in-fact (e.g. a family member). For reasons of data security, you are encouraged to use a power of attorney in a form certified by a notary or an authorized attorney-at-law or advocate, which will significantly accelerate verification of request authenticity.<\/p>\n<p class=\"section__text_margin\">We will provide a reply to your request immediately, and in justified cases, e.g. when the case is complex, the deadline for providing a reply may be extended to 30 days from the date of its receipt. If necessary, we will inform you of the reasons for the delay.<\/p>\n<p class=\"section__text_margin\">A reply shall be provided by traditional mail, unless the request was submitted by e-mail or it was demanded that the reply be provided in electronic form.<\/p>\n<h2>Charging principles<\/h2>\n<p class=\"section__text_margin\">As a rule, the procedure related to the requests submitted is free of charge. However, if we can show that your request is manifestly unjustified or excessive, in particular because of its repeated character, we may:<br \/>\n1. charge you up to the cost of providing the answer, or<br \/>\n2. refuse to act on the request submitted.<br \/>\nIn the event that the decision to charge a fee is challenged, you may file a complaint with the President of the Personal Data Protection Office.<\/p>\n<\/div>\n","protected":false},"excerpt":{"rendered":"<p>Submitting requests related to the exercise of rights A request for the exercise of rights may be submitted: 1. in [&hellip;]<\/p>\n","protected":false},"author":5,"featured_media":0,"parent":0,"menu_order":0,"comment_status":"closed","ping_status":"closed","template":"","meta":{"inline_featured_image":false},"acf":[],"yoast_head":"<!-- This site is optimized with the Yoast SEO plugin v20.5 - https:\/\/yoast.com\/wordpress\/plugins\/seo\/ -->\n<title>Information on the request for the exercise of a right under the GDPR provisions &raquo; Suszarnia Warzyw Jaworski<\/title>\n<meta name=\"description\" content=\"\u25b6 Information on the request for the exercise of a right under the GDPR provisions &raquo; Rodzinna firma ponad trzydziestoletni\u0105 tradycj\u0105 \u2705 Produkcja suszonych owoc\u00f3w i warzyw na \u015awiatowym poziomie \u2705 Suszarnia Jaworski\" \/>\n<meta name=\"robots\" content=\"index, follow, max-snippet:-1, max-image-preview:large, max-video-preview:-1\" \/>\n<link rel=\"canonical\" href=\"https:\/\/www.jaworski.com.pl\/en\/information-on-the-request-for-the-exercise-of-a-right-under-the-gdpr-provisions\/\" \/>\n<meta property=\"og:locale\" content=\"en_US\" \/>\n<meta property=\"og:type\" content=\"article\" \/>\n<meta property=\"og:title\" content=\"Information on the request for the exercise of a right under the GDPR provisions &raquo; Suszarnia Warzyw Jaworski\" \/>\n<meta property=\"og:description\" content=\"\u25b6 Information on the request for the exercise of a right under the GDPR provisions &raquo; Rodzinna firma ponad trzydziestoletni\u0105 tradycj\u0105 \u2705 Produkcja suszonych owoc\u00f3w i warzyw na \u015awiatowym poziomie \u2705 Suszarnia Jaworski\" \/>\n<meta property=\"og:url\" content=\"https:\/\/www.jaworski.com.pl\/en\/information-on-the-request-for-the-exercise-of-a-right-under-the-gdpr-provisions\/\" \/>\n<meta property=\"og:site_name\" content=\"Suszarnia Warzyw Jaworski\" \/>\n<meta property=\"article:modified_time\" content=\"2025-03-05T10:02:38+00:00\" \/>\n<meta name=\"twitter:card\" content=\"summary_large_image\" \/>\n<meta name=\"twitter:label1\" content=\"Est. reading time\" \/>\n\t<meta name=\"twitter:data1\" content=\"2 minutes\" \/>\n<script type=\"application\/ld+json\" class=\"yoast-schema-graph\">{\"@context\":\"https:\/\/schema.org\",\"@graph\":[{\"@type\":\"WebPage\",\"@id\":\"https:\/\/www.jaworski.com.pl\/en\/information-on-the-request-for-the-exercise-of-a-right-under-the-gdpr-provisions\/\",\"url\":\"https:\/\/www.jaworski.com.pl\/en\/information-on-the-request-for-the-exercise-of-a-right-under-the-gdpr-provisions\/\",\"name\":\"Information on the request for the exercise of a right under the GDPR provisions &raquo; Suszarnia Warzyw Jaworski\",\"isPartOf\":{\"@id\":\"https:\/\/www.jaworski.com.pl\/#website\"},\"datePublished\":\"2019-10-07T10:25:24+00:00\",\"dateModified\":\"2025-03-05T10:02:38+00:00\",\"description\":\"\u25b6 Information on the request for the exercise of a right under the GDPR provisions &raquo; Rodzinna firma ponad trzydziestoletni\u0105 tradycj\u0105 \u2705 Produkcja suszonych owoc\u00f3w i warzyw na \u015awiatowym poziomie \u2705 Suszarnia Jaworski\",\"breadcrumb\":{\"@id\":\"https:\/\/www.jaworski.com.pl\/en\/information-on-the-request-for-the-exercise-of-a-right-under-the-gdpr-provisions\/#breadcrumb\"},\"inLanguage\":\"en-US\",\"potentialAction\":[{\"@type\":\"ReadAction\",\"target\":[\"https:\/\/www.jaworski.com.pl\/en\/information-on-the-request-for-the-exercise-of-a-right-under-the-gdpr-provisions\/\"]}]},{\"@type\":\"BreadcrumbList\",\"@id\":\"https:\/\/www.jaworski.com.pl\/en\/information-on-the-request-for-the-exercise-of-a-right-under-the-gdpr-provisions\/#breadcrumb\",\"itemListElement\":[{\"@type\":\"ListItem\",\"position\":1,\"name\":\"Strona g\u0142\u00f3wna\",\"item\":\"https:\/\/www.jaworski.com.pl\/en\/\"},{\"@type\":\"ListItem\",\"position\":2,\"name\":\"Information on the request for the exercise of a right under the GDPR provisions\"}]},{\"@type\":\"WebSite\",\"@id\":\"https:\/\/www.jaworski.com.pl\/#website\",\"url\":\"https:\/\/www.jaworski.com.pl\/\",\"name\":\"Suszarnia Warzyw Jaworski\",\"description\":\"30 lat do\u015bwiadczenia\",\"potentialAction\":[{\"@type\":\"SearchAction\",\"target\":{\"@type\":\"EntryPoint\",\"urlTemplate\":\"https:\/\/www.jaworski.com.pl\/?s={search_term_string}\"},\"query-input\":\"required name=search_term_string\"}],\"inLanguage\":\"en-US\"}]}<\/script>\n<!-- \/ Yoast SEO plugin. -->","yoast_head_json":{"title":"Information on the request for the exercise of a right under the GDPR provisions &raquo; Suszarnia Warzyw Jaworski","description":"\u25b6 Information on the request for the exercise of a right under the GDPR provisions &raquo; Rodzinna firma ponad trzydziestoletni\u0105 tradycj\u0105 \u2705 Produkcja suszonych owoc\u00f3w i warzyw na \u015awiatowym poziomie \u2705 Suszarnia Jaworski","robots":{"index":"index","follow":"follow","max-snippet":"max-snippet:-1","max-image-preview":"max-image-preview:large","max-video-preview":"max-video-preview:-1"},"canonical":"https:\/\/www.jaworski.com.pl\/en\/information-on-the-request-for-the-exercise-of-a-right-under-the-gdpr-provisions\/","og_locale":"en_US","og_type":"article","og_title":"Information on the request for the exercise of a right under the GDPR provisions &raquo; Suszarnia Warzyw Jaworski","og_description":"\u25b6 Information on the request for the exercise of a right under the GDPR provisions &raquo; Rodzinna firma ponad trzydziestoletni\u0105 tradycj\u0105 \u2705 Produkcja suszonych owoc\u00f3w i warzyw na \u015awiatowym poziomie \u2705 Suszarnia Jaworski","og_url":"https:\/\/www.jaworski.com.pl\/en\/information-on-the-request-for-the-exercise-of-a-right-under-the-gdpr-provisions\/","og_site_name":"Suszarnia Warzyw Jaworski","article_modified_time":"2025-03-05T10:02:38+00:00","twitter_card":"summary_large_image","twitter_misc":{"Est. reading time":"2 minutes"},"schema":{"@context":"https:\/\/schema.org","@graph":[{"@type":"WebPage","@id":"https:\/\/www.jaworski.com.pl\/en\/information-on-the-request-for-the-exercise-of-a-right-under-the-gdpr-provisions\/","url":"https:\/\/www.jaworski.com.pl\/en\/information-on-the-request-for-the-exercise-of-a-right-under-the-gdpr-provisions\/","name":"Information on the request for the exercise of a right under the GDPR provisions &raquo; Suszarnia Warzyw Jaworski","isPartOf":{"@id":"https:\/\/www.jaworski.com.pl\/#website"},"datePublished":"2019-10-07T10:25:24+00:00","dateModified":"2025-03-05T10:02:38+00:00","description":"\u25b6 Information on the request for the exercise of a right under the GDPR provisions &raquo; Rodzinna firma ponad trzydziestoletni\u0105 tradycj\u0105 \u2705 Produkcja suszonych owoc\u00f3w i warzyw na \u015awiatowym poziomie \u2705 Suszarnia Jaworski","breadcrumb":{"@id":"https:\/\/www.jaworski.com.pl\/en\/information-on-the-request-for-the-exercise-of-a-right-under-the-gdpr-provisions\/#breadcrumb"},"inLanguage":"en-US","potentialAction":[{"@type":"ReadAction","target":["https:\/\/www.jaworski.com.pl\/en\/information-on-the-request-for-the-exercise-of-a-right-under-the-gdpr-provisions\/"]}]},{"@type":"BreadcrumbList","@id":"https:\/\/www.jaworski.com.pl\/en\/information-on-the-request-for-the-exercise-of-a-right-under-the-gdpr-provisions\/#breadcrumb","itemListElement":[{"@type":"ListItem","position":1,"name":"Strona g\u0142\u00f3wna","item":"https:\/\/www.jaworski.com.pl\/en\/"},{"@type":"ListItem","position":2,"name":"Information on the request for the exercise of a right under the GDPR provisions"}]},{"@type":"WebSite","@id":"https:\/\/www.jaworski.com.pl\/#website","url":"https:\/\/www.jaworski.com.pl\/","name":"Suszarnia Warzyw Jaworski","description":"30 lat do\u015bwiadczenia","potentialAction":[{"@type":"SearchAction","target":{"@type":"EntryPoint","urlTemplate":"https:\/\/www.jaworski.com.pl\/?s={search_term_string}"},"query-input":"required name=search_term_string"}],"inLanguage":"en-US"}]}},"_links":{"self":[{"href":"https:\/\/www.jaworski.com.pl\/en\/wp-json\/wp\/v2\/pages\/4266"}],"collection":[{"href":"https:\/\/www.jaworski.com.pl\/en\/wp-json\/wp\/v2\/pages"}],"about":[{"href":"https:\/\/www.jaworski.com.pl\/en\/wp-json\/wp\/v2\/types\/page"}],"author":[{"embeddable":true,"href":"https:\/\/www.jaworski.com.pl\/en\/wp-json\/wp\/v2\/users\/5"}],"replies":[{"embeddable":true,"href":"https:\/\/www.jaworski.com.pl\/en\/wp-json\/wp\/v2\/comments?post=4266"}],"version-history":[{"count":3,"href":"https:\/\/www.jaworski.com.pl\/en\/wp-json\/wp\/v2\/pages\/4266\/revisions"}],"predecessor-version":[{"id":7145,"href":"https:\/\/www.jaworski.com.pl\/en\/wp-json\/wp\/v2\/pages\/4266\/revisions\/7145"}],"wp:attachment":[{"href":"https:\/\/www.jaworski.com.pl\/en\/wp-json\/wp\/v2\/media?parent=4266"}],"curies":[{"name":"wp","href":"https:\/\/api.w.org\/{rel}","templated":true}]}}