{"id":1357,"date":"2018-12-20T04:54:35","date_gmt":"2018-12-20T03:54:35","guid":{"rendered":"https:\/\/dev25.aionline.pl\/kontakt\/"},"modified":"2025-03-05T11:43:40","modified_gmt":"2025-03-05T10:43:40","slug":"contact","status":"publish","type":"page","link":"https:\/\/www.jaworski.com.pl\/en\/contact\/","title":{"rendered":"Contact"},"content":{"rendered":"<ul>\n<li>Jaworski Vegetable Drying Plant<\/li>\n<li><\/li>\n<li>ul. \u0141\u00f3dzka 41, Bramki<\/li>\n<li>05-870 B\u0142onie, Poland<\/li>\n<\/ul>\n<ul>\n<li><a href=\"tel:+48227256002\">P: +48 22 725 60 02,<\/a><\/li>\n<li><a href=\"tel:+48227256139\">P: +48 22 725 61 39<\/a><\/li>\n<li><a href=\"tel:+48227256283\">P: +48 22 725 62 83<\/a><\/li>\n<li><img decoding=\"async\" src=\"https:\/\/www.jaworski.com.pl\/wp-content\/uploads\/2021\/07\/suszarnia-email-4.png\" \/><\/li>\n<li><\/li>\n<\/ul>\n<ul>\n<li>Jaworski Vegetable Drying Plant<\/li>\n<li><\/li>\n<li>Nowa Wie\u015b Ma\u0142a 46<\/li>\n<li>11-040 Dobre Miasto, Polska<\/li>\n<\/ul>\n<p class=\"section__text_margin\"><center><img decoding=\"async\" src=\"\/wp-content\/uploads\/2022\/06\/plansza-informacyjna-PFR-poziom.png\" alt=\"Tarcza PFR Informacja o uzyskaniu dotacji\" width=\"65%\" \/><\/center><\/p>\n","protected":false},"excerpt":{"rendered":"<p>Jaworski Vegetable Drying Plant ul. \u0141\u00f3dzka 41, Bramki 05-870 B\u0142onie, Poland P: +48 22 725 60 02, P: +48 22 [&hellip;]<\/p>\n","protected":false},"author":1,"featured_media":0,"parent":0,"menu_order":7,"comment_status":"closed","ping_status":"closed","template":"page-146.php","meta":{"inline_featured_image":false},"acf":[],"yoast_head":"<!-- This site is optimized with the Yoast SEO plugin v20.5 - https:\/\/yoast.com\/wordpress\/plugins\/seo\/ -->\n<title>Contact &raquo; Suszarnia Warzyw Jaworski<\/title>\n<meta name=\"description\" content=\"\u25b6 Contact &raquo; Rodzinna firma ponad trzydziestoletni\u0105 tradycj\u0105 \u2705 Produkcja suszonych owoc\u00f3w i warzyw na \u015awiatowym poziomie \u2705 Suszarnia Jaworski\" \/>\n<meta name=\"robots\" content=\"index, follow, max-snippet:-1, max-image-preview:large, max-video-preview:-1\" \/>\n<link rel=\"canonical\" href=\"https:\/\/www.jaworski.com.pl\/en\/contact\/\" \/>\n<meta property=\"og:locale\" content=\"en_US\" \/>\n<meta property=\"og:type\" content=\"article\" \/>\n<meta property=\"og:title\" content=\"Contact &raquo; Suszarnia Warzyw Jaworski\" \/>\n<meta property=\"og:description\" content=\"\u25b6 Contact &raquo; Rodzinna firma ponad trzydziestoletni\u0105 tradycj\u0105 \u2705 Produkcja suszonych owoc\u00f3w i warzyw na \u015awiatowym poziomie \u2705 Suszarnia Jaworski\" \/>\n<meta property=\"og:url\" content=\"https:\/\/www.jaworski.com.pl\/en\/contact\/\" \/>\n<meta property=\"og:site_name\" content=\"Suszarnia Warzyw Jaworski\" \/>\n<meta property=\"article:modified_time\" content=\"2025-03-05T10:43:40+00:00\" \/>\n<meta property=\"og:image\" content=\"https:\/\/www.jaworski.com.pl\/wp-content\/uploads\/2021\/07\/suszarnia-email-4.png\" \/>\n<meta name=\"twitter:card\" content=\"summary_large_image\" \/>\n<meta name=\"twitter:label1\" content=\"Est. reading time\" \/>\n\t<meta name=\"twitter:data1\" content=\"1 minute\" \/>\n<script type=\"application\/ld+json\" class=\"yoast-schema-graph\">{\"@context\":\"https:\/\/schema.org\",\"@graph\":[{\"@type\":\"WebPage\",\"@id\":\"https:\/\/www.jaworski.com.pl\/en\/contact\/\",\"url\":\"https:\/\/www.jaworski.com.pl\/en\/contact\/\",\"name\":\"Contact &raquo; Suszarnia Warzyw Jaworski\",\"isPartOf\":{\"@id\":\"https:\/\/www.jaworski.com.pl\/#website\"},\"datePublished\":\"2018-12-20T03:54:35+00:00\",\"dateModified\":\"2025-03-05T10:43:40+00:00\",\"description\":\"\u25b6 Contact &raquo; Rodzinna firma ponad trzydziestoletni\u0105 tradycj\u0105 \u2705 Produkcja suszonych owoc\u00f3w i warzyw na \u015awiatowym poziomie \u2705 Suszarnia Jaworski\",\"breadcrumb\":{\"@id\":\"https:\/\/www.jaworski.com.pl\/en\/contact\/#breadcrumb\"},\"inLanguage\":\"en-US\",\"potentialAction\":[{\"@type\":\"ReadAction\",\"target\":[\"https:\/\/www.jaworski.com.pl\/en\/contact\/\"]}]},{\"@type\":\"BreadcrumbList\",\"@id\":\"https:\/\/www.jaworski.com.pl\/en\/contact\/#breadcrumb\",\"itemListElement\":[{\"@type\":\"ListItem\",\"position\":1,\"name\":\"Strona g\u0142\u00f3wna\",\"item\":\"https:\/\/www.jaworski.com.pl\/en\/\"},{\"@type\":\"ListItem\",\"position\":2,\"name\":\"Contact\"}]},{\"@type\":\"WebSite\",\"@id\":\"https:\/\/www.jaworski.com.pl\/#website\",\"url\":\"https:\/\/www.jaworski.com.pl\/\",\"name\":\"Suszarnia Warzyw Jaworski\",\"description\":\"30 lat do\u015bwiadczenia\",\"potentialAction\":[{\"@type\":\"SearchAction\",\"target\":{\"@type\":\"EntryPoint\",\"urlTemplate\":\"https:\/\/www.jaworski.com.pl\/?s={search_term_string}\"},\"query-input\":\"required name=search_term_string\"}],\"inLanguage\":\"en-US\"}]}<\/script>\n<!-- \/ Yoast SEO plugin. -->","yoast_head_json":{"title":"Contact &raquo; Suszarnia Warzyw Jaworski","description":"\u25b6 Contact &raquo; Rodzinna firma ponad trzydziestoletni\u0105 tradycj\u0105 \u2705 Produkcja suszonych owoc\u00f3w i warzyw na \u015awiatowym poziomie \u2705 Suszarnia Jaworski","robots":{"index":"index","follow":"follow","max-snippet":"max-snippet:-1","max-image-preview":"max-image-preview:large","max-video-preview":"max-video-preview:-1"},"canonical":"https:\/\/www.jaworski.com.pl\/en\/contact\/","og_locale":"en_US","og_type":"article","og_title":"Contact &raquo; Suszarnia Warzyw Jaworski","og_description":"\u25b6 Contact &raquo; Rodzinna firma ponad trzydziestoletni\u0105 tradycj\u0105 \u2705 Produkcja suszonych owoc\u00f3w i warzyw na \u015awiatowym poziomie \u2705 Suszarnia Jaworski","og_url":"https:\/\/www.jaworski.com.pl\/en\/contact\/","og_site_name":"Suszarnia Warzyw Jaworski","article_modified_time":"2025-03-05T10:43:40+00:00","og_image":[{"url":"https:\/\/www.jaworski.com.pl\/wp-content\/uploads\/2021\/07\/suszarnia-email-4.png"}],"twitter_card":"summary_large_image","twitter_misc":{"Est. reading time":"1 minute"},"schema":{"@context":"https:\/\/schema.org","@graph":[{"@type":"WebPage","@id":"https:\/\/www.jaworski.com.pl\/en\/contact\/","url":"https:\/\/www.jaworski.com.pl\/en\/contact\/","name":"Contact &raquo; Suszarnia Warzyw Jaworski","isPartOf":{"@id":"https:\/\/www.jaworski.com.pl\/#website"},"datePublished":"2018-12-20T03:54:35+00:00","dateModified":"2025-03-05T10:43:40+00:00","description":"\u25b6 Contact &raquo; Rodzinna firma ponad trzydziestoletni\u0105 tradycj\u0105 \u2705 Produkcja suszonych owoc\u00f3w i warzyw na \u015awiatowym poziomie \u2705 Suszarnia Jaworski","breadcrumb":{"@id":"https:\/\/www.jaworski.com.pl\/en\/contact\/#breadcrumb"},"inLanguage":"en-US","potentialAction":[{"@type":"ReadAction","target":["https:\/\/www.jaworski.com.pl\/en\/contact\/"]}]},{"@type":"BreadcrumbList","@id":"https:\/\/www.jaworski.com.pl\/en\/contact\/#breadcrumb","itemListElement":[{"@type":"ListItem","position":1,"name":"Strona g\u0142\u00f3wna","item":"https:\/\/www.jaworski.com.pl\/en\/"},{"@type":"ListItem","position":2,"name":"Contact"}]},{"@type":"WebSite","@id":"https:\/\/www.jaworski.com.pl\/#website","url":"https:\/\/www.jaworski.com.pl\/","name":"Suszarnia Warzyw Jaworski","description":"30 lat do\u015bwiadczenia","potentialAction":[{"@type":"SearchAction","target":{"@type":"EntryPoint","urlTemplate":"https:\/\/www.jaworski.com.pl\/?s={search_term_string}"},"query-input":"required name=search_term_string"}],"inLanguage":"en-US"}]}},"_links":{"self":[{"href":"https:\/\/www.jaworski.com.pl\/en\/wp-json\/wp\/v2\/pages\/1357"}],"collection":[{"href":"https:\/\/www.jaworski.com.pl\/en\/wp-json\/wp\/v2\/pages"}],"about":[{"href":"https:\/\/www.jaworski.com.pl\/en\/wp-json\/wp\/v2\/types\/page"}],"author":[{"embeddable":true,"href":"https:\/\/www.jaworski.com.pl\/en\/wp-json\/wp\/v2\/users\/1"}],"replies":[{"embeddable":true,"href":"https:\/\/www.jaworski.com.pl\/en\/wp-json\/wp\/v2\/comments?post=1357"}],"version-history":[{"count":40,"href":"https:\/\/www.jaworski.com.pl\/en\/wp-json\/wp\/v2\/pages\/1357\/revisions"}],"predecessor-version":[{"id":7168,"href":"https:\/\/www.jaworski.com.pl\/en\/wp-json\/wp\/v2\/pages\/1357\/revisions\/7168"}],"wp:attachment":[{"href":"https:\/\/www.jaworski.com.pl\/en\/wp-json\/wp\/v2\/media?parent=1357"}],"curies":[{"name":"wp","href":"https:\/\/api.w.org\/{rel}","templated":true}]}}